{"id":939,"date":"2021-07-22T14:40:35","date_gmt":"2021-07-22T12:40:35","guid":{"rendered":"http:\/\/endriagonets.rotabene.de\/?page_id=939"},"modified":"2021-10-05T09:46:15","modified_gmt":"2021-10-05T07:46:15","slug":"somos-endriagonets","status":"publish","type":"page","link":"https:\/\/endriagonets.com\/es\/somos-endriagonets\/","title":{"rendered":"Somos Endriagonets"},"content":{"rendered":"<p><div class=\"fusion-fullwidth fullwidth-box fusion-builder-row-1 fusion-flex-container nonhundred-percent-fullwidth non-hundred-percent-height-scrolling\" style=\"--awb-border-radius-top-left:0px;--awb-border-radius-top-right:0px;--awb-border-radius-bottom-right:0px;--awb-border-radius-bottom-left:0px;--awb-padding-top:50px;--awb-padding-bottom:50px;--awb-flex-wrap:wrap;\" ><div class=\"fusion-builder-row fusion-row fusion-flex-align-items-flex-start fusion-flex-justify-content-center fusion-flex-content-wrap\" style=\"max-width:1352px;margin-left: calc(-4% \/ 2 );margin-right: calc(-4% \/ 2 );\"><div class=\"fusion-layout-column fusion_builder_column fusion-builder-column-0 fusion_builder_column_2_3 2_3 fusion-flex-column fusion-animated\" style=\"--awb-bg-size:cover;--awb-width-large:66.666666666667%;--awb-margin-top-large:0px;--awb-spacing-right-large:2.88%;--awb-margin-bottom-large:0px;--awb-spacing-left-large:2.88%;--awb-width-medium:66.666666666667%;--awb-order-medium:0;--awb-spacing-right-medium:2.88%;--awb-spacing-left-medium:2.88%;--awb-width-small:100%;--awb-order-small:0;--awb-spacing-right-small:1.92%;--awb-spacing-left-small:1.92%;\" data-animationType=\"fadeIn\" data-animationDuration=\"3.0\" data-animationOffset=\"top-into-view\"><div class=\"fusion-column-wrapper fusion-column-has-shadow fusion-flex-justify-content-flex-start fusion-content-layout-column\"><div class=\"fusion-title title fusion-title-1 fusion-sep-none fusion-title-center fusion-title-text fusion-title-size-div\" style=\"--awb-text-color:#009f3c;--awb-font-size:18px;\"><div class=\"fusion-title-heading title-heading-center title-heading-tag fusion-responsive-typography-calculated\" style=\"margin:0;font-size:1em;--fontSize:18;--minFontSize:18;line-height:2.0;\">ENDRIAGONETS<\/div><\/div><div class=\"fusion-title title fusion-title-2 fusion-sep-none fusion-title-center fusion-title-text fusion-title-size-two\"><h2 class=\"fusion-title-heading title-heading-center fusion-responsive-typography-calculated\" style=\"margin:0;--fontSize:30;line-height:1.2;\">Servicio perfecto para nuestros clientes<\/h2><\/div><div class=\"fusion-separator fusion-full-width-sep\" style=\"align-self: center;margin-left: auto;margin-right: auto;margin-bottom:20px;width:100%;\"><\/div><div class=\"fusion-text fusion-text-1\"><p>Como se sabe, las mejores redes vienen de Espa\u00f1a. Endriagonets es una de las empresas l\u00edderes en la fabricaci\u00f3n de <strong><a href=\"\/es\/endriagonets-produktportfolio\/redes-de-seguridad\/\">redes de seguridad,<\/a> <a href=\"\/es\/endriagonets-produktportfolio\/redes-de-deporte\/\">deportes,<\/a> <a href=\"\/es\/endriagonets-produktportfolio\/redes-de-industria\/\">industria<\/a><\/strong> <strong>y <a href=\"\/es\/endriagonets-produktportfolio\/redes-de-heno\/\">redes de heno.<\/a><\/strong> La empresa familiar se fund\u00f3 en el a\u00f1o 2018. Desde hace casi diez a\u00f1os dirige la familia una empresa alemana lider en ventas de redes de heno en Europa.<\/p>\n<h4 style=\"text-align: center;\">Claramente, nada funciona en Alemania sin Redes Espa\u00f1olas<\/h4>\n<p>Con el fin de garantizar la calidad y la producci\u00f3n en el futuro para el creciente mercado en el campo de las redes tambien en el futuro, Steffen Korinth fund\u00f3 la empresa espa\u00f1ola Endriagonets con producci\u00f3n propia.<\/p>\n<p>El comienzo con cuatro empleados comprometidos, se ha convertido en una empresa s\u00f3lida con alrededor de 30 empleados en solo unos pocos a\u00f1os. La gama vertical de fabricaci\u00f3n se increment\u00f3 gradualmente y al mismo tiempo, la atenci\u00f3n se centr\u00f3 en el <strong><a href=\"\/es\/contactanos\/\">servicio personalizado<\/a><\/strong> al cliente. Todas las consultas son respondidas por hablantes nativos.<\/p>\n<\/div><\/div><\/div><\/div><\/div><div class=\"fusion-fullwidth fullwidth-box fusion-builder-row-2 fusion-flex-container fusion-parallax-fixed nonhundred-percent-fullwidth non-hundred-percent-height-scrolling\" style=\"--awb-background-blend-mode:multiply;--awb-border-radius-top-left:0px;--awb-border-radius-top-right:0px;--awb-border-radius-bottom-right:0px;--awb-border-radius-bottom-left:0px;--awb-padding-top:50px;--awb-padding-bottom:50px;--awb-background-color:#009f3c;--awb-background-image:url(&quot;https:\/\/endriagonets.com\/wp-content\/uploads\/2021\/05\/Hintergrundbild-Tornetz.jpg&quot;);--awb-background-size:cover;--awb-flex-wrap:wrap;background-attachment:fixed;\" ><div class=\"fusion-builder-row fusion-row fusion-flex-align-items-flex-start fusion-flex-justify-content-center fusion-flex-content-wrap\" style=\"max-width:1352px;margin-left: calc(-4% \/ 2 );margin-right: calc(-4% \/ 2 );\"><div class=\"fusion-layout-column fusion_builder_column fusion-builder-column-1 fusion_builder_column_1_1 1_1 fusion-flex-column fusion-flex-align-self-center fusion-animated\" style=\"--awb-bg-size:cover;--awb-width-large:100%;--awb-margin-top-large:0px;--awb-spacing-right-large:1.92%;--awb-margin-bottom-large:0px;--awb-spacing-left-large:1.92%;--awb-width-medium:100%;--awb-order-medium:0;--awb-spacing-right-medium:1.92%;--awb-spacing-left-medium:1.92%;--awb-width-small:100%;--awb-order-small:0;--awb-spacing-right-small:1.92%;--awb-spacing-left-small:1.92%;\" data-animationType=\"fadeIn\" data-animationDuration=\"3.0\" data-animationOffset=\"top-into-view\"><div class=\"fusion-column-wrapper fusion-column-has-shadow fusion-flex-justify-content-flex-start fusion-content-layout-column\"><div class=\"fusion-separator fusion-full-width-sep\" style=\"align-self: center;margin-left: auto;margin-right: auto;margin-bottom:20px;width:100%;\"><\/div><div class=\"fusion-builder-row fusion-builder-row-inner fusion-row fusion-flex-align-items-flex-start fusion-flex-justify-content-center fusion-flex-content-wrap\" style=\"width:104% !important;max-width:104% !important;margin-left: calc(-4% \/ 2 );margin-right: calc(-4% \/ 2 );\"><div class=\"fusion-layout-column fusion_builder_column_inner fusion-builder-nested-column-0 fusion_builder_column_inner_1_3 1_3 fusion-flex-column\" style=\"--awb-bg-size:cover;--awb-width-large:33.333333333333%;--awb-margin-top-large:0px;--awb-spacing-right-large:5.76%;--awb-margin-bottom-large:20px;--awb-spacing-left-large:5.76%;--awb-width-medium:33.333333333333%;--awb-order-medium:0;--awb-spacing-right-medium:5.76%;--awb-spacing-left-medium:5.76%;--awb-width-small:100%;--awb-order-small:0;--awb-spacing-right-small:1.92%;--awb-margin-bottom-small:50px;--awb-spacing-left-small:1.92%;\"><div class=\"fusion-column-wrapper fusion-column-has-shadow fusion-flex-justify-content-flex-start fusion-content-layout-column\"><i class=\"fb-icon-element-1 fb-icon-element fontawesome-icon fa-globe-africa fas circle-no\" style=\"--awb-font-size:80px;--awb-margin-top:0;--awb-margin-right:0;--awb-margin-bottom:0;--awb-margin-left:0;--awb-align-self:center;\"><\/i><div class=\"fusion-text fusion-text-2\" style=\"--awb-text-color:#ffffff;--awb-margin-top:10px;\"><p style=\"text-align: center;\">Somos el<\/p>\n<\/div><div class=\"fusion-title title fusion-title-3 fusion-sep-none fusion-title-center fusion-title-text fusion-title-size-two\" style=\"--awb-text-color:#ffffff;--awb-margin-top:-20px;--awb-margin-top-small:-20px;--awb-margin-top-medium:-20px;--awb-link-color:#ffffff;--awb-link-hover-color:#ffffff;\"><h2 class=\"fusion-title-heading title-heading-center fusion-responsive-typography-calculated\" style=\"margin:0;--fontSize:30;line-height:1.2;\"><a class=\"awb-custom-text-color awb-custom-text-hover-color\" target=\"_self\">l\u00edder del mercado europeo<\/a><\/h2><\/div><\/div><\/div><div class=\"fusion-layout-column fusion_builder_column_inner fusion-builder-nested-column-1 fusion_builder_column_inner_1_3 1_3 fusion-flex-column\" style=\"--awb-bg-size:cover;--awb-width-large:33.333333333333%;--awb-margin-top-large:0px;--awb-spacing-right-large:5.76%;--awb-margin-bottom-large:20px;--awb-spacing-left-large:5.76%;--awb-width-medium:33.333333333333%;--awb-order-medium:0;--awb-spacing-right-medium:5.76%;--awb-spacing-left-medium:5.76%;--awb-width-small:100%;--awb-order-small:0;--awb-spacing-right-small:1.92%;--awb-margin-bottom-small:50px;--awb-spacing-left-small:1.92%;\"><div class=\"fusion-column-wrapper fusion-column-has-shadow fusion-flex-justify-content-flex-start fusion-content-layout-column\"><i class=\"fb-icon-element-2 fb-icon-element fontawesome-icon fa-gem fas circle-no\" style=\"--awb-iconcolor:#fff;--awb-font-size:80px;--awb-margin-top:0;--awb-margin-right:0;--awb-margin-bottom:0;--awb-margin-left:0;--awb-align-self:center;\"><\/i><div class=\"fusion-text fusion-text-3\" style=\"--awb-text-color:#ffffff;--awb-margin-top:10px;\"><p style=\"text-align: center;\">Establecemos<\/p>\n<\/div><div class=\"fusion-title title fusion-title-4 fusion-sep-none fusion-title-center fusion-title-text fusion-title-size-two\" style=\"--awb-text-color:#ffffff;--awb-margin-top:-20px;--awb-margin-top-small:-20px;--awb-margin-top-medium:-20px;--awb-link-color:#ffffff;--awb-link-hover-color:#ffffff;\"><h2 class=\"fusion-title-heading title-heading-center fusion-responsive-typography-calculated\" style=\"margin:0;--fontSize:30;line-height:1.2;\"><a class=\"awb-custom-text-color awb-custom-text-hover-color\" target=\"_self\">est\u00e1ndares de calidad<\/a><\/h2><\/div><\/div><\/div><div class=\"fusion-layout-column fusion_builder_column_inner fusion-builder-nested-column-2 fusion_builder_column_inner_1_3 1_3 fusion-flex-column\" style=\"--awb-bg-size:cover;--awb-width-large:33.333333333333%;--awb-margin-top-large:0px;--awb-spacing-right-large:5.76%;--awb-margin-bottom-large:20px;--awb-spacing-left-large:5.76%;--awb-width-medium:33.333333333333%;--awb-order-medium:0;--awb-spacing-right-medium:5.76%;--awb-spacing-left-medium:5.76%;--awb-width-small:100%;--awb-order-small:0;--awb-spacing-right-small:1.92%;--awb-spacing-left-small:1.92%;\"><div class=\"fusion-column-wrapper fusion-column-has-shadow fusion-flex-justify-content-flex-start fusion-content-layout-column\"><i class=\"fb-icon-element-3 fb-icon-element fontawesome-icon fa-trophy fas circle-no\" style=\"--awb-font-size:80px;--awb-margin-top:0;--awb-margin-right:0;--awb-margin-bottom:0;--awb-margin-left:0;--awb-align-self:center;\"><\/i><div class=\"fusion-text fusion-text-4\" style=\"--awb-text-color:#ffffff;--awb-margin-top:10px;\"><p style=\"text-align: center;\">Contamos con decadas<\/p>\n<\/div><div class=\"fusion-title title fusion-title-5 fusion-sep-none fusion-title-center fusion-title-text fusion-title-size-two\" style=\"--awb-text-color:#ffffff;--awb-margin-top:-20px;--awb-margin-top-small:-20px;--awb-margin-top-medium:-20px;--awb-link-color:#ffffff;--awb-link-hover-color:#ffffff;\"><h2 class=\"fusion-title-heading title-heading-center fusion-responsive-typography-calculated\" style=\"margin:0;--fontSize:30;line-height:1.2;\"><a class=\"awb-custom-text-color awb-custom-text-hover-color\" target=\"_self\">de experiencia en la industria<\/a><\/h2><\/div><\/div><\/div><\/div><\/div><\/div><\/div><\/div><div class=\"fusion-fullwidth fullwidth-box fusion-builder-row-3 fusion-flex-container nonhundred-percent-fullwidth non-hundred-percent-height-scrolling\" style=\"--awb-border-radius-top-left:0px;--awb-border-radius-top-right:0px;--awb-border-radius-bottom-right:0px;--awb-border-radius-bottom-left:0px;--awb-padding-top:50px;--awb-padding-bottom:0px;--awb-flex-wrap:wrap;\" ><div class=\"fusion-builder-row fusion-row fusion-flex-align-items-flex-start fusion-flex-justify-content-center fusion-flex-content-wrap\" style=\"max-width:1352px;margin-left: calc(-4% \/ 2 );margin-right: calc(-4% \/ 2 );\"><div class=\"fusion-layout-column fusion_builder_column fusion-builder-column-2 fusion_builder_column_2_3 2_3 fusion-flex-column fusion-animated\" style=\"--awb-bg-size:cover;--awb-width-large:66.666666666667%;--awb-margin-top-large:0px;--awb-spacing-right-large:2.88%;--awb-margin-bottom-large:20px;--awb-spacing-left-large:2.88%;--awb-width-medium:66.666666666667%;--awb-order-medium:0;--awb-spacing-right-medium:2.88%;--awb-spacing-left-medium:2.88%;--awb-width-small:100%;--awb-order-small:0;--awb-spacing-right-small:1.92%;--awb-spacing-left-small:1.92%;\" data-animationType=\"fadeIn\" data-animationDuration=\"3.0\" data-animationOffset=\"top-into-view\"><div class=\"fusion-column-wrapper fusion-column-has-shadow fusion-flex-justify-content-flex-start fusion-content-layout-column\"><div class=\"fusion-title title fusion-title-6 fusion-sep-none fusion-title-center fusion-title-text fusion-title-size-div\" style=\"--awb-text-color:#009f3c;--awb-font-size:18px;\"><div class=\"fusion-title-heading title-heading-center title-heading-tag fusion-responsive-typography-calculated\" style=\"margin:0;font-size:1em;--fontSize:18;--minFontSize:18;line-height:2.0;\">ENDRIAGONETS<\/div><\/div><div class=\"fusion-title title fusion-title-7 fusion-sep-none fusion-title-center fusion-title-text fusion-title-size-two\"><h2 class=\"fusion-title-heading title-heading-center fusion-responsive-typography-calculated\" style=\"margin:0;--fontSize:30;line-height:1.2;\">Conecta fiabilidad alemana<br \/>\ncon know-how espa\u00f1ol<\/h2><\/div><div class=\"fusion-separator fusion-full-width-sep\" style=\"align-self: center;margin-left: auto;margin-right: auto;margin-bottom:20px;width:100%;\"><\/div><div class=\"fusion-text fusion-text-5\"><p>A trav\u00e9s de a\u00f1os de experiencia en el mercado a nivel europeo con <a href=\"\/es\/endriagonets-produktportfolio\/redes-de-heno\/\"><strong>redes de heno,<\/strong><\/a> se han establecido est\u00e1ndares de calidad para Endriagonets al nivel m\u00e1s alto. Tanto la fabricaci\u00f3n de los productos como el contacto con los clientes son evaluados constantemente segun criterios definidos. Con la decisi\u00f3n de ubicar la producci\u00f3n en Espa\u00f1a, confi\u00f3 deliberadamente en las d\u00e9cadas de experiencia en la industria de esta regi\u00f3n.<\/p>\n<\/div><div class=\"fusion-text fusion-text-6\"><p>El gerente local es Romeo Santangelo-Morais que creci\u00f3 en Alemania. Conoce la \u201cindustria redera\u201d en Espa\u00f1a como ning\u00fan otro y tiene un conocimiento extraordinario en todos los \u00e1mbitos.<\/p>\n<p style=\"text-align: center;\"><strong>\u201ePara mi, Romeo es como mi propia familia y junto a nuestros empleados, el pilar de la empresa\u201d,<br \/>comenta Steffen Korinth \u201cnada funciona sin \u00e9l\u201d.<\/strong><\/p>\n<p style=\"text-align: center;\"><strong>\u00a0<\/strong><\/p>\n<\/div><\/div><\/div><div class=\"fusion-layout-column fusion_builder_column fusion-builder-column-3 fusion_builder_column_1_3 1_3 fusion-flex-column\" style=\"--awb-bg-size:cover;--awb-width-large:33.333333333333%;--awb-margin-top-large:0px;--awb-spacing-right-large:5.76%;--awb-margin-bottom-large:0px;--awb-spacing-left-large:5.76%;--awb-width-medium:33.333333333333%;--awb-order-medium:0;--awb-spacing-right-medium:5.76%;--awb-spacing-left-medium:5.76%;--awb-width-small:100%;--awb-order-small:0;--awb-spacing-right-small:1.92%;--awb-spacing-left-small:1.92%;\"><div class=\"fusion-column-wrapper fusion-column-has-shadow fusion-flex-justify-content-flex-start fusion-content-layout-column\"><div class=\"fusion-image-element \" style=\"--awb-caption-title-font-family:var(--h2_typography-font-family);--awb-caption-title-font-weight:var(--h2_typography-font-weight);--awb-caption-title-font-style:var(--h2_typography-font-style);--awb-caption-title-size:var(--h2_typography-font-size);--awb-caption-title-transform:var(--h2_typography-text-transform);--awb-caption-title-line-height:var(--h2_typography-line-height);--awb-caption-title-letter-spacing:var(--h2_typography-letter-spacing);\"><span class=\" fusion-imageframe imageframe-none imageframe-1 hover-type-none\"><img decoding=\"async\" width=\"434\" height=\"600\" alt=\"Inhaber von Endriagonets Steffen Korinth\" title=\"Inhaber-von-Endriagonets-Steffen-Korinth\" src=\"https:\/\/endriagonets.com\/wp-content\/uploads\/2021\/07\/Inhaber-von-Endriagonets-Steffen-Korinth.png\" class=\"img-responsive wp-image-748\" srcset=\"https:\/\/endriagonets.com\/wp-content\/uploads\/2021\/07\/Inhaber-von-Endriagonets-Steffen-Korinth-200x276.png 200w, https:\/\/endriagonets.com\/wp-content\/uploads\/2021\/07\/Inhaber-von-Endriagonets-Steffen-Korinth-400x553.png 400w, https:\/\/endriagonets.com\/wp-content\/uploads\/2021\/07\/Inhaber-von-Endriagonets-Steffen-Korinth.png 434w\" sizes=\"(max-width: 640px) 100vw, 400px\" \/><\/span><\/div><\/div><\/div><\/div><\/div><\/p>\n","protected":false},"excerpt":{"rendered":"","protected":false},"author":2,"featured_media":0,"parent":0,"menu_order":10,"comment_status":"closed","ping_status":"closed","template":"100-width.php","meta":{"footnotes":""},"class_list":["post-939","page","type-page","status-publish","hentry"],"yoast_head":"<!-- This site is optimized with the Yoast SEO plugin v27.5 - https:\/\/yoast.com\/product\/yoast-seo-wordpress\/ -->\n<title>Somos Endriagonets - Endriagonets<\/title>\n<meta name=\"robots\" content=\"index, follow, max-snippet:-1, max-image-preview:large, max-video-preview:-1\" \/>\n<link rel=\"canonical\" href=\"https:\/\/endriagonets.com\/es\/somos-endriagonets\/\" \/>\n<meta property=\"og:locale\" content=\"es_ES\" \/>\n<meta property=\"og:type\" content=\"article\" \/>\n<meta property=\"og:title\" content=\"Somos Endriagonets - Endriagonets\" \/>\n<meta property=\"og:url\" content=\"https:\/\/endriagonets.com\/es\/somos-endriagonets\/\" \/>\n<meta property=\"og:site_name\" content=\"Endriagonets\" \/>\n<meta property=\"article:publisher\" content=\"https:\/\/www.facebook.com\/Endriagonets-SL-293415741372563\" \/>\n<meta property=\"article:modified_time\" content=\"2021-10-05T07:46:15+00:00\" \/>\n<meta name=\"twitter:card\" content=\"summary_large_image\" \/>\n<meta name=\"twitter:label1\" content=\"Tiempo de lectura\" \/>\n\t<meta name=\"twitter:data1\" content=\"8 minutos\" \/>\n<script type=\"application\/ld+json\" class=\"yoast-schema-graph\">{\"@context\":\"https:\\\/\\\/schema.org\",\"@graph\":[{\"@type\":\"WebPage\",\"@id\":\"https:\\\/\\\/endriagonets.com\\\/es\\\/somos-endriagonets\\\/\",\"url\":\"https:\\\/\\\/endriagonets.com\\\/es\\\/somos-endriagonets\\\/\",\"name\":\"Somos Endriagonets - Endriagonets\",\"isPartOf\":{\"@id\":\"https:\\\/\\\/endriagonets.com\\\/es\\\/#website\"},\"datePublished\":\"2021-07-22T12:40:35+00:00\",\"dateModified\":\"2021-10-05T07:46:15+00:00\",\"breadcrumb\":{\"@id\":\"https:\\\/\\\/endriagonets.com\\\/es\\\/somos-endriagonets\\\/#breadcrumb\"},\"inLanguage\":\"es\",\"potentialAction\":[{\"@type\":\"ReadAction\",\"target\":[\"https:\\\/\\\/endriagonets.com\\\/es\\\/somos-endriagonets\\\/\"]}]},{\"@type\":\"BreadcrumbList\",\"@id\":\"https:\\\/\\\/endriagonets.com\\\/es\\\/somos-endriagonets\\\/#breadcrumb\",\"itemListElement\":[{\"@type\":\"ListItem\",\"position\":1,\"name\":\"Startseite\",\"item\":\"https:\\\/\\\/endriagonets.com\\\/es\\\/\"},{\"@type\":\"ListItem\",\"position\":2,\"name\":\"Somos Endriagonets\"}]},{\"@type\":\"WebSite\",\"@id\":\"https:\\\/\\\/endriagonets.com\\\/es\\\/#website\",\"url\":\"https:\\\/\\\/endriagonets.com\\\/es\\\/\",\"name\":\"Endriagonets\",\"description\":\"European market leader in safety-, sports-, industrial and hay nets\",\"publisher\":{\"@id\":\"https:\\\/\\\/endriagonets.com\\\/es\\\/#organization\"},\"potentialAction\":[{\"@type\":\"SearchAction\",\"target\":{\"@type\":\"EntryPoint\",\"urlTemplate\":\"https:\\\/\\\/endriagonets.com\\\/es\\\/?s={search_term_string}\"},\"query-input\":{\"@type\":\"PropertyValueSpecification\",\"valueRequired\":true,\"valueName\":\"search_term_string\"}}],\"inLanguage\":\"es\"},{\"@type\":\"Organization\",\"@id\":\"https:\\\/\\\/endriagonets.com\\\/es\\\/#organization\",\"name\":\"Endriagonets S.L.\",\"url\":\"https:\\\/\\\/endriagonets.com\\\/es\\\/\",\"logo\":{\"@type\":\"ImageObject\",\"inLanguage\":\"es\",\"@id\":\"https:\\\/\\\/endriagonets.com\\\/es\\\/#\\\/schema\\\/logo\\\/image\\\/\",\"url\":\"https:\\\/\\\/endriagonets.com\\\/wp-content\\\/uploads\\\/2021\\\/05\\\/Logo-Endriagonets-300px.jpg\",\"contentUrl\":\"https:\\\/\\\/endriagonets.com\\\/wp-content\\\/uploads\\\/2021\\\/05\\\/Logo-Endriagonets-300px.jpg\",\"width\":300,\"height\":173,\"caption\":\"Endriagonets S.L.\"},\"image\":{\"@id\":\"https:\\\/\\\/endriagonets.com\\\/es\\\/#\\\/schema\\\/logo\\\/image\\\/\"},\"sameAs\":[\"https:\\\/\\\/www.facebook.com\\\/Endriagonets-SL-293415741372563\"]}]}<\/script>\n<!-- \/ Yoast SEO plugin. -->","yoast_head_json":{"title":"Somos Endriagonets - Endriagonets","robots":{"index":"index","follow":"follow","max-snippet":"max-snippet:-1","max-image-preview":"max-image-preview:large","max-video-preview":"max-video-preview:-1"},"canonical":"https:\/\/endriagonets.com\/es\/somos-endriagonets\/","og_locale":"es_ES","og_type":"article","og_title":"Somos Endriagonets - Endriagonets","og_url":"https:\/\/endriagonets.com\/es\/somos-endriagonets\/","og_site_name":"Endriagonets","article_publisher":"https:\/\/www.facebook.com\/Endriagonets-SL-293415741372563","article_modified_time":"2021-10-05T07:46:15+00:00","twitter_card":"summary_large_image","twitter_misc":{"Tiempo de lectura":"8 minutos"},"schema":{"@context":"https:\/\/schema.org","@graph":[{"@type":"WebPage","@id":"https:\/\/endriagonets.com\/es\/somos-endriagonets\/","url":"https:\/\/endriagonets.com\/es\/somos-endriagonets\/","name":"Somos Endriagonets - Endriagonets","isPartOf":{"@id":"https:\/\/endriagonets.com\/es\/#website"},"datePublished":"2021-07-22T12:40:35+00:00","dateModified":"2021-10-05T07:46:15+00:00","breadcrumb":{"@id":"https:\/\/endriagonets.com\/es\/somos-endriagonets\/#breadcrumb"},"inLanguage":"es","potentialAction":[{"@type":"ReadAction","target":["https:\/\/endriagonets.com\/es\/somos-endriagonets\/"]}]},{"@type":"BreadcrumbList","@id":"https:\/\/endriagonets.com\/es\/somos-endriagonets\/#breadcrumb","itemListElement":[{"@type":"ListItem","position":1,"name":"Startseite","item":"https:\/\/endriagonets.com\/es\/"},{"@type":"ListItem","position":2,"name":"Somos Endriagonets"}]},{"@type":"WebSite","@id":"https:\/\/endriagonets.com\/es\/#website","url":"https:\/\/endriagonets.com\/es\/","name":"Endriagonets","description":"European market leader in safety-, sports-, industrial and hay nets","publisher":{"@id":"https:\/\/endriagonets.com\/es\/#organization"},"potentialAction":[{"@type":"SearchAction","target":{"@type":"EntryPoint","urlTemplate":"https:\/\/endriagonets.com\/es\/?s={search_term_string}"},"query-input":{"@type":"PropertyValueSpecification","valueRequired":true,"valueName":"search_term_string"}}],"inLanguage":"es"},{"@type":"Organization","@id":"https:\/\/endriagonets.com\/es\/#organization","name":"Endriagonets S.L.","url":"https:\/\/endriagonets.com\/es\/","logo":{"@type":"ImageObject","inLanguage":"es","@id":"https:\/\/endriagonets.com\/es\/#\/schema\/logo\/image\/","url":"https:\/\/endriagonets.com\/wp-content\/uploads\/2021\/05\/Logo-Endriagonets-300px.jpg","contentUrl":"https:\/\/endriagonets.com\/wp-content\/uploads\/2021\/05\/Logo-Endriagonets-300px.jpg","width":300,"height":173,"caption":"Endriagonets S.L."},"image":{"@id":"https:\/\/endriagonets.com\/es\/#\/schema\/logo\/image\/"},"sameAs":["https:\/\/www.facebook.com\/Endriagonets-SL-293415741372563"]}]}},"_links":{"self":[{"href":"https:\/\/endriagonets.com\/es\/wp-json\/wp\/v2\/pages\/939","targetHints":{"allow":["GET"]}}],"collection":[{"href":"https:\/\/endriagonets.com\/es\/wp-json\/wp\/v2\/pages"}],"about":[{"href":"https:\/\/endriagonets.com\/es\/wp-json\/wp\/v2\/types\/page"}],"author":[{"embeddable":true,"href":"https:\/\/endriagonets.com\/es\/wp-json\/wp\/v2\/users\/2"}],"replies":[{"embeddable":true,"href":"https:\/\/endriagonets.com\/es\/wp-json\/wp\/v2\/comments?post=939"}],"version-history":[{"count":11,"href":"https:\/\/endriagonets.com\/es\/wp-json\/wp\/v2\/pages\/939\/revisions"}],"predecessor-version":[{"id":1501,"href":"https:\/\/endriagonets.com\/es\/wp-json\/wp\/v2\/pages\/939\/revisions\/1501"}],"wp:attachment":[{"href":"https:\/\/endriagonets.com\/es\/wp-json\/wp\/v2\/media?parent=939"}],"curies":[{"name":"wp","href":"https:\/\/api.w.org\/{rel}","templated":true}]}}